{"id":2824,"date":"2022-12-10T14:25:47","date_gmt":"2022-12-10T13:25:47","guid":{"rendered":"https:\/\/bojuca.com\/?page_id=2824"},"modified":"2023-09-13T12:12:14","modified_gmt":"2023-09-13T11:12:14","slug":"mapa-de-la-web","status":"publish","type":"page","link":"https:\/\/www.imspbdn.cat\/es\/mapa-de-la-web\/","title":{"rendered":"Mapa de la web"},"content":{"rendered":"\n\n    \n    El IMSP\n\t\t\t <p><a href=\"https:\/\/www.imspbdn.cat\/es\/quienes-somos\/\">Qui\u00e9nes somos<\/a><\/p>\t\t\n\t\t\t <p><a href=\"\/wp-content\/uploads\/2022\/10\/Competencies-i-funcions_IMSP_2022.pdf\" target=\"_blank\" rel=\"noopener\">Competencias y funciones<\/a><\/p>\t\t\n\t\t\t <p><a href=\"https:\/\/www.imspbdn.cat\/es\/quienes-somos\/organigrama\/\">Organigrama<\/a><\/p>\t\t\n\t\t\t <p><a href=\"https:\/\/www.imspbdn.cat\/es\/quienes-somos\/organigrama\/miembros-del-consejo-de-administracion\/\">Miembros del consejo de administraci\u00f3n<\/a><\/p>\t\t\n\t\t\t <p><a href=\"\/wp-content\/uploads\/2022\/10\/Pla_general_2021-22.pdf\" target=\"_blank\" rel=\"noopener\">El plan general<\/a><\/p>\t\t\n\t\t\t <p><a href=\"\/es\/quienes-somos\/memorias\/\">Memorias del IMSP<\/a><\/p>\t\t\n\t\t\t <p><a href=\"https:\/\/www.imspbdn.cat\/es\/actualidad\/\">Actualidad<\/a><\/p>\t\t\n\t\t\t <p><a href=\"https:\/\/www.imspbdn.cat\/es\/trabaja-con-nosotros\/\">Trabaja con nosotros<\/a><\/p>\t\t\n\t\t\t <p><a href=\"https:\/\/www.imspbdn.cat\/es\/transparencia\/\">Transparencia<\/a><\/p>\t\t\n\t\t\t <p><a href=\"https:\/\/www.imspbdn.cat\/es\/tramites\/\">Tr\u00e1mites<\/a><\/p>\t\t\n\t\t\t <p><a href=\"https:\/\/www.imspbdn.cat\/es\/perfil-del-contractante\/\">Perfil del contractante<\/a><\/p>\t\t\n\t\t\t <p><a href=\"https:\/\/www.seu-e.cat\/ca\/web\/imspbdn\/seu-electronica\">Sede electr\u00f3nica<\/a><\/p>\t\t\n    Nuestros servicios\n\t\t\t <p><a href=\"https:\/\/www.imspbdn.cat\/es\/servicios\/escola-llevant\/\">Escola Llevant<\/a><\/p>\t\t\n\t\t\t <p><a href=\"https:\/\/www.imspbdn.cat\/es\/servicios\/escola-can-barriga\/\">Escola Can Barriga<\/a><\/p>\t\t\n\t\t\t <p><a href=\"https:\/\/www.imspbdn.cat\/es\/servicios\/escola-maregassa\/\">Escola Maregassa<\/a><\/p>\t\t\n\t\t\t <p><a href=\"https:\/\/www.imspbdn.cat\/es\/servicios\/unitat-descolaritat-compartida-asuec\/\">Unitat d&#8217;escolaritat compartida ASUEC<\/a><\/p>\t\t\n\t\t\t <p><a href=\"https:\/\/www.imspbdn.cat\/es\/servicios\/transporte-adaptado-servicios-educativos\/\">Transporte adaptado servicios educativos<\/a><\/p>\t\t\n\t\t\t <p><a href=\"https:\/\/www.imspbdn.cat\/es\/servicios\/eaia\/\">Equip d&#8217;Atenci\u00f3 a la Inf\u00e0ncia i Adolesc\u00e8ncia (EAIA<\/a>)<\/p>\t\t\n\t\t\t <p><a href=\"https:\/\/www.imspbdn.cat\/es\/servicios\/cdiap\/\">Centre de Desenvolupament Infantil i Atenci\u00f3 Preco\u00e7 (CDIAP)<\/a><\/p>\t\t\n\t\t\t <p><a href=\"https:\/\/www.imspbdn.cat\/es\/servicios\/transporte-adaptado-infancia-y-adolescencia\/\">Transporte adaptado infancia y adolescencia<\/a><\/p>\t\t\n\t\t\t <p><a href=\"https:\/\/www.imspbdn.cat\/es\/servicios\/residencia-can-bosch\/\">Resid\u00e8ncia Can Bosch<\/a><\/p>\t\t\n\t\t\t <p><a href=\"https:\/\/www.imspbdn.cat\/es\/servicios\/residencia-domenech-i-montaner\/\">Resid\u00e8ncia Dom\u00e8nech i Montaner<\/a><\/p>\t\t\n\t\t\t <p><a href=\"https:\/\/www.imspbdn.cat\/es\/servicios\/transporte-adaptado-personas-mayores\/\">Transporte adaptado personas mayores<\/a><\/p>\t\t\n\t\t\t <p><a href=\"https:\/\/www.imspbdn.cat\/es\/servicios\/residencia-fisics\/\">Resid\u00e8ncia F\u00edsics<\/a><\/p>\t\t\n\t\t\t <p><a href=\"https:\/\/www.imspbdn.cat\/es\/servicios\/servei-dhabitatge-josep-padros\/\">Servei d&#8217;Habitatge Josep Padr\u00f3s<\/a><\/p>\t\t\n\t\t\t <p><a href=\"https:\/\/www.imspbdn.cat\/es\/servicios\/transporte-adaptado-personas-con-discapacidad\/\">Transporte adaptado personas con discapacidad<\/a><\/p>\t\t\n\t\t\t <p><a href=\"https:\/\/www.imspbdn.cat\/es\/servicios\/llar-residencia-salut-mental-sant-roc\/\">Llar Resid\u00e8ncia Salut Mental Sant Roc<\/a><\/p>\t\t\n\t\n","protected":false},"excerpt":{"rendered":"<p>El IMSP Qui\u00e9nes somos Competencias y funciones Organigrama Miembros del consejo de administraci\u00f3n El plan general Memorias del IMSP Actualidad Trabaja con nosotros Transparencia Tr\u00e1mites Perfil del contractante Sede electr\u00f3nica Nuestros servicios Escola Llevant Escola Can Barriga Escola Maregassa Unitat d&#8217;escolaritat compartida ASUEC Transporte adaptado servicios educativos Equip d&#8217;Atenci\u00f3 a la Inf\u00e0ncia i Adolesc\u00e8ncia (EAIA) &hellip;<\/p>\n<p class=\"read-more\"> <a class=\"\" href=\"https:\/\/www.imspbdn.cat\/es\/mapa-de-la-web\/\"> <span class=\"screen-reader-text\">Mapa de la web<\/span> Read More \u00bb<\/a><\/p>\n","protected":false},"author":1,"featured_media":0,"parent":0,"menu_order":0,"comment_status":"closed","ping_status":"closed","template":"","meta":{"site-sidebar-layout":"default","site-content-layout":"default","ast-global-header-display":"","ast-main-header-display":"","ast-hfb-above-header-display":"","ast-hfb-below-header-display":"","ast-hfb-mobile-header-display":"","site-post-title":"","ast-breadcrumbs-content":"","ast-featured-img":"","footer-sml-layout":"","theme-transparent-header-meta":"","adv-header-id-meta":"","stick-header-meta":"","header-above-stick-meta":"","header-main-stick-meta":"","header-below-stick-meta":"","footnotes":""},"class_list":["post-2824","page","type-page","status-publish","hentry"],"acf":[],"_links":{"self":[{"href":"https:\/\/www.imspbdn.cat\/es\/wp-json\/wp\/v2\/pages\/2824","targetHints":{"allow":["GET"]}}],"collection":[{"href":"https:\/\/www.imspbdn.cat\/es\/wp-json\/wp\/v2\/pages"}],"about":[{"href":"https:\/\/www.imspbdn.cat\/es\/wp-json\/wp\/v2\/types\/page"}],"author":[{"embeddable":true,"href":"https:\/\/www.imspbdn.cat\/es\/wp-json\/wp\/v2\/users\/1"}],"replies":[{"embeddable":true,"href":"https:\/\/www.imspbdn.cat\/es\/wp-json\/wp\/v2\/comments?post=2824"}],"version-history":[{"count":17,"href":"https:\/\/www.imspbdn.cat\/es\/wp-json\/wp\/v2\/pages\/2824\/revisions"}],"predecessor-version":[{"id":3897,"href":"https:\/\/www.imspbdn.cat\/es\/wp-json\/wp\/v2\/pages\/2824\/revisions\/3897"}],"wp:attachment":[{"href":"https:\/\/www.imspbdn.cat\/es\/wp-json\/wp\/v2\/media?parent=2824"}],"curies":[{"name":"wp","href":"https:\/\/api.w.org\/{rel}","templated":true}]}}