{"id":2400,"date":"2022-08-30T16:50:25","date_gmt":"2022-08-30T15:50:25","guid":{"rendered":"https:\/\/bojuca.com\/trabaja-con-nosotros\/"},"modified":"2023-10-11T08:28:08","modified_gmt":"2023-10-11T07:28:08","slug":"trabaja-con-nosotros","status":"publish","type":"page","link":"https:\/\/www.imspbdn.cat\/es\/trabaja-con-nosotros\/","title":{"rendered":"Trabaja con nosotros"},"content":{"rendered":"\n\n    <h1>Convocat\u00f2ries Perso<\/h1>\n\t<h3>Buscamos talento. \u00a1\u00danete a nuestro equipo!<\/h3>\n<p>Buscamos a profesionales de excelencia, apasionados y comprometidos con su trabajo, con una gran vocaci\u00f3n de servicio p\u00fablico y capacidad para trabajar en equipo. Queremos que formes parte del IMSP.<\/p>\n<p>Entra en nuestra bolsa de trabajo y oferta p\u00fablica de empleo:<\/p>\n\t\t\t<a href=\"\/es\/trabaja-con-nosotros\/convocatorias\/\" target=\"_self\" role=\"button\" rel=\"noopener\">\n\t\t\t\t\t\t\tProcesos selecci\u00f3n personal temporal\n\t\t\t\t\t<\/a>\n\t\t\t<a href=\"https:\/\/imspbdn.convoca.online\/\" target=\"_blank\" role=\"button\" rel=\"noopener\">\n\t\t\t\t\t\t\tOferta p\u00fablica ocupaci\u00f3n\n\t\t\t\t\t<\/a>\n\t\t\t<a href=\"https:\/\/www.imspbdn.cat\/treballa-amb-nosaltres\/convocatories\/convocatories-personal-directiu\/\" target=\"_blank\" role=\"button\" rel=\"noopener\">\n\t\t\t\t\t\t\tPersonal directivo\n\t\t\t\t\t<\/a>\n\n","protected":false},"excerpt":{"rendered":"<p>Convocat\u00f2ries Perso Buscamos talento. \u00a1\u00danete a nuestro equipo! Buscamos a profesionales de excelencia, apasionados y comprometidos con su trabajo, con una gran vocaci\u00f3n de servicio p\u00fablico y capacidad para trabajar en equipo. Queremos que formes parte del IMSP. Entra en nuestra bolsa de trabajo y oferta p\u00fablica de empleo: Procesos selecci\u00f3n personal temporal Oferta p\u00fablica &hellip;<\/p>\n<p class=\"read-more\"> <a class=\"\" href=\"https:\/\/www.imspbdn.cat\/es\/trabaja-con-nosotros\/\"> <span class=\"screen-reader-text\">Trabaja con nosotros<\/span> Read More \u00bb<\/a><\/p>\n","protected":false},"author":1,"featured_media":0,"parent":0,"menu_order":0,"comment_status":"closed","ping_status":"closed","template":"","meta":{"site-sidebar-layout":"default","site-content-layout":"default","ast-global-header-display":"","ast-main-header-display":"","ast-hfb-above-header-display":"","ast-hfb-below-header-display":"","ast-hfb-mobile-header-display":"","site-post-title":"","ast-breadcrumbs-content":"","ast-featured-img":"","footer-sml-layout":"","theme-transparent-header-meta":"","adv-header-id-meta":"","stick-header-meta":"","header-above-stick-meta":"","header-main-stick-meta":"","header-below-stick-meta":"","footnotes":""},"class_list":["post-2400","page","type-page","status-publish","hentry"],"acf":[],"_links":{"self":[{"href":"https:\/\/www.imspbdn.cat\/es\/wp-json\/wp\/v2\/pages\/2400","targetHints":{"allow":["GET"]}}],"collection":[{"href":"https:\/\/www.imspbdn.cat\/es\/wp-json\/wp\/v2\/pages"}],"about":[{"href":"https:\/\/www.imspbdn.cat\/es\/wp-json\/wp\/v2\/types\/page"}],"author":[{"embeddable":true,"href":"https:\/\/www.imspbdn.cat\/es\/wp-json\/wp\/v2\/users\/1"}],"replies":[{"embeddable":true,"href":"https:\/\/www.imspbdn.cat\/es\/wp-json\/wp\/v2\/comments?post=2400"}],"version-history":[{"count":8,"href":"https:\/\/www.imspbdn.cat\/es\/wp-json\/wp\/v2\/pages\/2400\/revisions"}],"predecessor-version":[{"id":3985,"href":"https:\/\/www.imspbdn.cat\/es\/wp-json\/wp\/v2\/pages\/2400\/revisions\/3985"}],"wp:attachment":[{"href":"https:\/\/www.imspbdn.cat\/es\/wp-json\/wp\/v2\/media?parent=2400"}],"curies":[{"name":"wp","href":"https:\/\/api.w.org\/{rel}","templated":true}]}}