{"id":2396,"date":"2022-11-15T11:53:35","date_gmt":"2022-11-15T09:53:35","guid":{"rendered":"https:\/\/bojuca.com\/aviso-legal\/"},"modified":"2025-01-09T13:28:03","modified_gmt":"2025-01-09T12:28:03","slug":"aviso-legal","status":"publish","type":"page","link":"https:\/\/www.imspbdn.cat\/es\/aviso-legal\/","title":{"rendered":"Aviso legal"},"content":{"rendered":"\n\n    <h1>Convocat\u00f2ries Perso<\/h1>\n\t<p><strong>Titularidad<\/strong><\/p>\n<p>En cumplimiento de lo que establece la Ley 34\/2002, de 11 de julio, de servicios de la sociedad de la informaci\u00f3n y del comercio electr\u00f3nico, se informa que la entidad titular del sitio web alojado en la URL www.imspbdn.cat es el Institut Municipal de Serveis Personals (en adelante IMSP), organismo aut\u00f3nomo del Ayuntamiento de Badalona, con personalidad jur\u00eddica propia y plena capacidad de obrar para el cumplimiento de sus fines, creada el 15 de octubre de 1991, con domicilio en la calle Laiet\u00e0nia 29-39, de Badalona, CP-08911, NIF P5801502E y correo-e: imsp@imspbdn.cat.<\/p>\n<p><strong>Personas usuarias<\/strong><\/p>\n<p>El acceso y\/o uso de este sitio web atribuye la condici\u00f3n de persona usuaria, quien, a su turno, acepta desde este acceso y\/o uso las condiciones reflejadas en este aviso legal. Estas condiciones se aplicaran independientemente de las condiciones generales de contrataci\u00f3n que, en su caso, resulten de obligado cumplimiento.<\/p>\n<p><strong>Condiciones de uso<\/strong><\/p>\n<p>Todo acceso a este sitio web resta sujeto a las condiciones siguientes:<\/p>\n<ul>\n<li>El acceso y\/o uso de este sitio web atribuye la condici\u00f3n de persona usuaria, quien, a su turno, acepta desde este acceso y\/o uso las condiciones reflejadas en este aviso legal. Estas condiciones se aplicaran independientemente de las condiciones generales de contrataci\u00f3n que, en su caso, resulten de obligado cumplimiento.<\/li>\n<li>La persona usuaria se compromete a hacer un uso adecuado del sitio web, con total sujeci\u00f3n a la ley y a las buenas costumbres, y a mantener el debido respeto a las otras personas usuarias.<\/li>\n<li>Queda prohibido cualquier uso comercial del sitio web.<\/li>\n<li>No utilizar ninguno de los documentos, im\u00e1genes ni informaciones contenidas en este sitio web con finalidades il\u00edcitas, expresamente prohibidas en estas condiciones de uso y\/o contrarias a los derechos e intereses del IMSP, de alguno de sus trabajadores y\/o terceros, y deber\u00e1 responder en caso de incumplir esta obligaci\u00f3n.<\/li>\n<li>No malmeter, inutilizar, sobrecargar, deteriorar o impedir la utilizaci\u00f3n normal de los materiales e informaciones contenidos en este sitio web ni de los sistemas de informaci\u00f3n o los documentos, archivos y cualquier contenido almacenado en cualquier equipo inform\u00e1tico del IMSP, de sus trabajadores o de cualquier persona usuaria del sitio web.<\/li>\n<li>Queda prohibida la modificaci\u00f3n y\/o explotaci\u00f3n del sitio web i sus contenidos.<\/li>\n<li>El uso de este sitio web implica la aceptaci\u00f3n plena y sin reservas de los t\u00e9rminos y condiciones contenidos en el presente aviso legal.<\/li>\n<\/ul>\n<p><strong>Registro<\/strong><\/p>\nCon car\u00e1cter general, para el acceso a los contenidos del sitio web no es necesario el registro de las personas usuarias. No obstante, la utilizaci\u00f3n de determinados servicios est\u00e1 condicionada al registro previo de usuario. Los datos introducidos por la persona usuaria deber\u00e1n ser exactos, actuales y veraces en todo momento.<br \/>\n\n<p><strong>Privacidad de los datos<\/strong><\/p>\n<p>El IMSP se compromete a hacer un uso responsable y confidencial de los datos, garantiza su tratamiento de acuerdo con la legislaci\u00f3n vigente en cada momento y que estos datos solo se utilizaran con los fines indicados en cada caso.<\/p>\n<p>Las personas usuarias responder\u00e1n, en todo caso, de la veracidad de los datos facilitados, reserv\u00e1ndose el IMSP el derecho a excluir de los servicios registrados todas aquellas personas usuarias que hayan facilitado datos falsos, sin perjuicio de aquellas acciones legales que puedan ser procedentes.<\/p>\n<p>Correo de contacto del Delegado de Protecci\u00f3n de Datos: dpd@imspbdn.cat<\/p>\nLa pol\u00edtica de privacidad del IMSP se puede consultar en el seguiente enlace:<a href=\"https:\/\/www.seu-e.cat\/ca\/web\/imspbdn\/govern-obert-i-transparencia\/informacio-institucional-i-organitzativa\/proteccio-de-dades-personals\" target=\"_blank\" rel=\"noopener\">Ver pol\u00edtica<\/a><br \/>\n\n<p><strong>Pol\u00edtica de cookies<\/strong><\/p>\n<p>El IMSP no utiliza cookies para recoger informaci\u00f3n de los usuarios, ni registra las direcciones IP de acceso. \u00danicamente se utilizan cookies propias, de sesi\u00f3n, con finalidad t\u00e9cnica (aquellas que permiten al usuario la navegaci\u00f3n a trav\u00e9s del sitio web i la utilizaci\u00f3n de las diferentes opciones y servicios que en \u00e9l existen).<\/p>\n<p>Tambi\u00e9n utiliza los servicios de Google analytics, con finalidades exclusivamente estad\u00edsticas, que no recogen datos de la persona usuaria.<\/p>\n<p><strong>Propiedad intelectual y industrial<\/strong><\/p>\n<p>El IMSP, por si mismo o como cesionario, es titular de todos los derechos de propiedad intelectual y industrial de su sitio web, as\u00ed como de parte de los elementos contenidos en el mismo. A t\u00edtulo enunciativo, son titularidad del IMSP las im\u00e1genes, sonido, audio, v\u00eddeo, programas o textos, marcas o logotipos, combinaciones de colores, estructura y dise\u00f1o, selecci\u00f3n de materiales usados, programas de ordenador necesarios para su funcionamiento, acceso y uso, etc.<\/p>\n<p>Igualmente, existen textos, im\u00e1genes y logos de terceras partes que se encuentran protegidas por la legislaci\u00f3n de propiedad intelectual y industrial. Los derechos de propiedad intelectual de los art\u00edculos y textos facilitados por este sitio web, pertenecen a sus respectivos autores o medios de comunicaci\u00f3n.<\/p>\n<p>La persona usuaria se compromete a respetar los derechos de propiedad intelectual y industrial titularidad del IMSP, y podr\u00e1 visualizar los elementos de les diferentes p\u00e1ginas web, imprimir, copiar y almacenarlos en el disco duro de su ordenador o en cualquier otro soporte f\u00edsico, siempre que sea, \u00fanica y exclusivamente, para su uso personal y privado. La persona usuaria deber\u00e1 abstenerse de suprimir, alterar, eludir o manipular cualquier dispositivo de protecci\u00f3n o sistema de seguridad que est\u00e9 instalado en las p\u00e1ginas del IMSP.<\/p>\n<p><strong>Reserva de derechos<\/strong><\/p>\n<p>De acuerdo con lo previsto en los art\u00edculos 8 y 32 del texto refundido de la Ley de propiedad intelectual, el IMSP se opone expresamente a la utilizaci\u00f3n de cualquiera de los contenidos de sus publicaciones en cualquier formato, con finalidad comercial, sin previa autorizaci\u00f3n. Este aviso legal no supone ninguna cesi\u00f3n de derechos a favor de la persona usuaria en relaci\u00f3n a ninguno de los elementos integrantes del sitio web o de sus contenidos.<\/p>\n<p>No se autoriza en ning\u00fan caso:<\/p>\n<ul>\n<li>La presentaci\u00f3n del sitio web www.imspbdn.cat o cualquier contenido de sus p\u00e1ginas en una ventana que no pertenezca a www.imspbdn.cat mediante cualquier t\u00e9cnica o procedimiento, incluidos el framing, in-line linking, etc.<\/li>\n<li>Una extracci\u00f3n de elementos del sitio web que cause perjuicio a www.imspbdn.cat conforme a les disposiciones vigentes.<\/li>\n<li>El uso comercial de los contenidos del sitio web www.imspbdn.cat.<\/li>\n<li>El uso de marcas o signos distintivos, logotipos, combinaciones de colores, estructura, dise\u00f1o y, en general, s\u00edmbolos distintivos de cualquier naturaleza, propiedad del IMSP, sin el conocimiento y la autorizaci\u00f3n correspondiente del organismo.<\/li>\n<li>El uso de contenidos en actividades il\u00edcitas, ilegales o contrarias a la buena fe i el orden p\u00fablico.<\/li>\n<li>Difundir contenidos o propaganda de car\u00e1cter racista o xen\u00f3fobo, pornogr\u00e1fico, ilegal o que atente contra los derechos humanos.<\/li>\n<li>Provocar da\u00f1os en los sistemas f\u00edsicos y l\u00f3gicos del IMSP, de sus proveedores o de terceras personas.<\/li>\n<li>Introducir o difundir en la red virus inform\u00e1ticos o otros sistemas f\u00edsicos o l\u00f3gicos que sean susceptibles de provocar da\u00f1os.<\/li>\n<li>Intentar acceder i, en su caso, utilizar las cuentas de correo electr\u00f3nico de otras personas usuarias y modificar o manipular sus mensajes.<\/li>\n<\/ul>\n<p><strong>Exclusi\u00f3n de responsabilidad<\/strong><\/p>\n<p>El IMSP no se responsabiliza de los da\u00f1os y perjuicios que pueda provocar la falta de exactitud, autenticidad, exhaustividad y actualidad de la informaci\u00f3n contenida en este sitio web, ni de los da\u00f1os causados por cualquier error o omisi\u00f3n en que puedan incurrir tanto la informaci\u00f3n y las manifestaciones publicadas en este sitio web como la informaci\u00f3n obtenida a trav\u00e9s de enlaces a sistemas externos a los cuales se pueda acceder.<\/p>\n<p>El IMSP no garantiza la disponibilidad, la continuidad ni la infalibilidad del funcionamiento del sitio web y, por tanto, excluye, dentro del marco legal vigente, cualquier responsabilidad para los da\u00f1os y perjuicios causados por la falta de disponibilidad o de continuidad del funcionamiento del sitio web y de sus servicios habilitados, como tambi\u00e9n por las dificultades en el acceso a los diferentes sitios web o a aquellos des de los cuales, en su caso, se presten determinados servicios.<\/p>\n<p>El IMSP no garantiza que el sitio web y el servidor est\u00e9n libres de virus u otros elementos lesivos que puedan malmeter o producir alteraciones en el sistema inform\u00e1tico, en los documentos electr\u00f3nicos o en los ficheros de la persona usuaria enviados a terceros. A\u00fan as\u00ed se compromete a adoptar todas las medidas tecnol\u00f3gicas necesarias para evitarlo. En consecuencia, declina toda responsabilidad por los da\u00f1os inform\u00e1ticos o de otro tipo causados por el acceso al web o por la imposibilidad de acceder a \u00e9l.<\/p>\n<p><strong>Modificaciones en el web, a las condiciones del aviso legal y duraci\u00f3n<\/strong><\/p>\n<p>El IMSP se reserva el derecho a efectuar sin previo aviso las modificaciones que considere oportunas en su web, pudiendo cambiar, suprimir o a\u00f1adir tanto los contenidos o servicios que se presten a trav\u00e9s del mismo, como la forma en que estos aparezcan presentados o localizados.<\/p>\n<p>As\u00ed mismo, podr\u00e1 modificar en cualquier momento los t\u00e9rminos y condiciones aqu\u00ed determinados, siendo debidamente publicados en el aviso legal como aqu\u00ed aparecen. La vigencia de las citadas condiciones ir\u00e1 en funci\u00f3n de su exposici\u00f3n y ser\u00e1n vigentes hasta que sean modificadas por otras debidamente publicadas.<\/p>\n<p><strong>Legislaci\u00f3n aplicable y jurisdicci\u00f3n <\/strong><\/p>\n<p>La relaci\u00f3n entre el IMSP y la persona usuaria se regir\u00e1 por la normativa espa\u00f1ola vigente, y cualquier controversia se someter\u00e1 a los juzgados y tribunales de la ciudad de Badalona.<\/p>\n<p>El IMSP se reserva el derecho a perseguir el incumplimiento de las presentes condiciones as\u00ed como cualquier utilizaci\u00f3n indebida de su web, ejerciendo todas las acciones civiles y penales que le puedan corresponder en derecho.<\/p>\n\n","protected":false},"excerpt":{"rendered":"<p>Convocat\u00f2ries Perso Titularidad En cumplimiento de lo que establece la Ley 34\/2002, de 11 de julio, de servicios de la sociedad de la informaci\u00f3n y del comercio electr\u00f3nico, se informa que la entidad titular del sitio web alojado en la URL www.imspbdn.cat es el Institut Municipal de Serveis Personals (en adelante IMSP), organismo aut\u00f3nomo del &hellip;<\/p>\n<p class=\"read-more\"> <a class=\"\" href=\"https:\/\/www.imspbdn.cat\/es\/aviso-legal\/\"> <span class=\"screen-reader-text\">Aviso legal<\/span> Read More \u00bb<\/a><\/p>\n","protected":false},"author":1,"featured_media":0,"parent":0,"menu_order":0,"comment_status":"closed","ping_status":"closed","template":"","meta":{"site-sidebar-layout":"default","site-content-layout":"default","ast-global-header-display":"","ast-main-header-display":"","ast-hfb-above-header-display":"","ast-hfb-below-header-display":"","ast-hfb-mobile-header-display":"","site-post-title":"","ast-breadcrumbs-content":"","ast-featured-img":"","footer-sml-layout":"","theme-transparent-header-meta":"","adv-header-id-meta":"","stick-header-meta":"","header-above-stick-meta":"","header-main-stick-meta":"","header-below-stick-meta":"","footnotes":""},"class_list":["post-2396","page","type-page","status-publish","hentry"],"acf":[],"_links":{"self":[{"href":"https:\/\/www.imspbdn.cat\/es\/wp-json\/wp\/v2\/pages\/2396","targetHints":{"allow":["GET"]}}],"collection":[{"href":"https:\/\/www.imspbdn.cat\/es\/wp-json\/wp\/v2\/pages"}],"about":[{"href":"https:\/\/www.imspbdn.cat\/es\/wp-json\/wp\/v2\/types\/page"}],"author":[{"embeddable":true,"href":"https:\/\/www.imspbdn.cat\/es\/wp-json\/wp\/v2\/users\/1"}],"replies":[{"embeddable":true,"href":"https:\/\/www.imspbdn.cat\/es\/wp-json\/wp\/v2\/comments?post=2396"}],"version-history":[{"count":9,"href":"https:\/\/www.imspbdn.cat\/es\/wp-json\/wp\/v2\/pages\/2396\/revisions"}],"predecessor-version":[{"id":4970,"href":"https:\/\/www.imspbdn.cat\/es\/wp-json\/wp\/v2\/pages\/2396\/revisions\/4970"}],"wp:attachment":[{"href":"https:\/\/www.imspbdn.cat\/es\/wp-json\/wp\/v2\/media?parent=2396"}],"curies":[{"name":"wp","href":"https:\/\/api.w.org\/{rel}","templated":true}]}}