{"id":2346,"date":"2022-10-12T18:34:58","date_gmt":"2022-10-12T17:34:58","guid":{"rendered":"https:\/\/bojuca.com\/quienes-somos\/organigrama\/"},"modified":"2026-03-11T14:45:02","modified_gmt":"2026-03-11T13:45:02","slug":"organigrama","status":"publish","type":"page","link":"https:\/\/www.imspbdn.cat\/es\/quienes-somos\/organigrama\/","title":{"rendered":"Organigrama"},"content":{"rendered":"\n\n    <h1>Estructura Organizativa<\/h1>\n\t\t\t\t<img loading=\"lazy\" decoding=\"async\" src=\"https:\/\/www.imspbdn.cat\/wp-content\/uploads\/2026\/03\/Organigrama-en-Castellano-IMSP-2026-1.png\" alt=\"Organigrama en Castellano IMSP 2026 (1)\" itemprop=\"image\" height=\"1406\" width=\"2500\" title=\"Organigrama en Castellano IMSP 2026 (1)\" onerror=\"this.style.display='none'\"  \/>\n\t<p><a href=\"https:\/\/www.imspbdn.cat\/es\/quienes-somos\/organigrama\/miembros-del-consejo-de-administracion\/\" target=\"_blank\" rel=\"noopener\">Consejo de Administraci\u00f3n<\/a><\/p>\n<p>Presidente &#8211; <a href=\"https:\/\/www.imspbdn.cat\/wp-content\/uploads\/2025\/05\/CV-XavierGarciaAlbiol-2.0.pdf\" target=\"_blank\" rel=\"noopener\">Xavier Garc\u00eda Albiol<\/a><\/p>\n<p>Vicepresidenta &#8211;\u00a0<a href=\"https:\/\/www.imspbdn.cat\/wp-content\/uploads\/2025\/05\/CV-EvaGuillenRodriguez-2.0.pdf\" target=\"_blank\" rel=\"noopener\">Eva Guill\u00e9n Rodr\u00edguez<\/a><\/p>\n<p>Gerente &#8211; <a href=\"https:\/\/www.imspbdn.cat\/wp-content\/uploads\/2025\/05\/CV-Juan-Antonio-Heras.pdf\" target=\"_blank\" rel=\"noopener\">Juan Antonio Heras Castej\u00f3n<\/a><\/p>\n<p>\u00c1rea Corporativa<\/p>\n<p>Servicio de Gesti\u00f3n de Personas &#8211; <a href=\"https:\/\/www.imspbdn.cat\/wp-content\/uploads\/2025\/05\/CV_Noemi-Vicente-Velasco-2.0.pdf\" target=\"_blank\" rel=\"noopener\">Noem\u00ed Vicente Velasco<\/a><\/p>\n<p>Servicios Econ\u00f3micos &#8211; <a href=\"https:\/\/www.imspbdn.cat\/wp-content\/uploads\/2025\/05\/CV_Vanessa-Monterroso-Fdz-2.0.pdf\" target=\"_blank\" rel=\"noopener\">Vanessa Monterroso Fern\u00e1ndez<\/a><\/p>\n<p>Servicio de Mantenimento &#8211; <a href=\"https:\/\/www.imspbdn.cat\/wp-content\/uploads\/2025\/05\/CV_Francesc-Rom-Fort-2.0.pdf\" target=\"_blank\" rel=\"noopener\">Francesc Rom Fort<\/a>\u00a0\/ Maria Tor Mas<\/p>\n<p>Servicio de Contrataci\u00f3n y Servicios Jur\u00eddicos &#8211;<\/p>\n<p>Servicio de Inform\u00e1tica &#8211;<\/p>\n<p>\u00c1rea Operativa<\/p>\n<p><em>Servicios Residenciales<\/em><\/p>\n<p>Director Servei d&#8217;Habitatge Josep Padr\u00f3s &#8211;\u00a0<a href=\"https:\/\/www.imspbdn.cat\/wp-content\/uploads\/2025\/05\/CV_Joan-Garcia-Molina-2.0.pdf\" target=\"_blank\" rel=\"noopener\">Joan Garc\u00eda Molina<\/a><\/p>\n<p>Directora Resid\u00e8ncies Can Bosch i Can Cros &#8211;\u00a0<a href=\"https:\/\/www.imspbdn.cat\/wp-content\/uploads\/2025\/05\/CV_Mari-Morales-2.0.pdf\" target=\"_blank\" rel=\"noopener\">Mar\u00eda Dolores Morales Molina<\/a><\/p>\n<p>Director Llar Resid\u00e8ncia Salut Mental Sant Roc &#8211;\u00a0<a href=\"https:\/\/www.imspbdn.cat\/wp-content\/uploads\/2025\/05\/CV_Cristian-Charles-Lluellas-2.0.pdf\" target=\"_blank\" rel=\"noopener\">Cristian Charles LLuellas<\/a><\/p>\n<p><em>Servicios Educaci\u00f3n Especial<\/em><\/p>\n<p>Directora Escola Llevant &#8211;\u00a0<a href=\"https:\/\/www.imspbdn.cat\/wp-content\/uploads\/2025\/05\/CV_Mar-Borras-2.0.pdf\" target=\"_blank\" rel=\"noopener\">Mar Borr\u00e0s Seba<\/a><\/p>\n<p>Directora Escola Maregassa &#8211;\u00a0<a href=\"https:\/\/www.imspbdn.cat\/wp-content\/uploads\/2025\/05\/CV_Judit-Munner-Pineda-2.0.pdf\" target=\"_blank\" rel=\"noopener\">Judit Munner Pineda<\/a><\/p>\n<p>Director Escola Can Barriga &#8211;\u00a0<a href=\"https:\/\/www.imspbdn.cat\/wp-content\/uploads\/2025\/05\/CV_Bernat-Maristany-Borge-2.0.pdf\" target=\"_blank\" rel=\"noopener\">Bernat Maristany<\/a><\/p>\n<p>Director ASUEC &#8211;\u00a0<a href=\"https:\/\/www.imspbdn.cat\/wp-content\/uploads\/2025\/05\/CV_Joan-Garcia-Molina-2.0.pdf\" target=\"_blank\" rel=\"noopener\">Joan Garc\u00eda Molina<\/a><\/p>\n<p><em>Servicios a la Infancia y Adolescencia<\/em><\/p>\n<p>Directora CDIAP &#8211;\u00a0<a href=\"https:\/\/www.imspbdn.cat\/wp-content\/uploads\/2025\/05\/CV_Nuria-Eixarch-Serra-2.0.pdf\" target=\"_blank\" rel=\"noopener\">N\u00faria Eixarch Serra<\/a><\/p>\n<p>Directora SEAIA &#8211;\u00a0<a href=\"https:\/\/www.imspbdn.cat\/wp-content\/uploads\/2025\/05\/CV_M-Pilar-Salvador-Esteban-2.0.pdf\" target=\"_blank\" rel=\"noopener\">Pilar Salvador Esteban<\/a><\/p>\n\n","protected":false},"excerpt":{"rendered":"<p>Estructura Organizativa Consejo de Administraci\u00f3n Presidente &#8211; Xavier Garc\u00eda Albiol Vicepresidenta &#8211;\u00a0Eva Guill\u00e9n Rodr\u00edguez Gerente &#8211; Juan Antonio Heras Castej\u00f3n \u00c1rea Corporativa Servicio de Gesti\u00f3n de Personas &#8211; Noem\u00ed Vicente Velasco Servicios Econ\u00f3micos &#8211; Vanessa Monterroso Fern\u00e1ndez Servicio de Mantenimento &#8211; Francesc Rom Fort\u00a0\/ Maria Tor Mas Servicio de Contrataci\u00f3n y Servicios Jur\u00eddicos &#8211; Servicio &hellip;<\/p>\n<p class=\"read-more\"> <a class=\"\" href=\"https:\/\/www.imspbdn.cat\/es\/quienes-somos\/organigrama\/\"> <span class=\"screen-reader-text\">Organigrama<\/span> Read More \u00bb<\/a><\/p>\n","protected":false},"author":1,"featured_media":0,"parent":2333,"menu_order":1,"comment_status":"closed","ping_status":"closed","template":"","meta":{"site-sidebar-layout":"no-sidebar","site-content-layout":"plain-container","ast-global-header-display":"","ast-main-header-display":"","ast-hfb-above-header-display":"","ast-hfb-below-header-display":"","ast-hfb-mobile-header-display":"","site-post-title":"disabled","ast-breadcrumbs-content":"","ast-featured-img":"","footer-sml-layout":"","theme-transparent-header-meta":"","adv-header-id-meta":"","stick-header-meta":"","header-above-stick-meta":"","header-main-stick-meta":"","header-below-stick-meta":"","footnotes":""},"class_list":["post-2346","page","type-page","status-publish","hentry"],"acf":[],"_links":{"self":[{"href":"https:\/\/www.imspbdn.cat\/es\/wp-json\/wp\/v2\/pages\/2346","targetHints":{"allow":["GET"]}}],"collection":[{"href":"https:\/\/www.imspbdn.cat\/es\/wp-json\/wp\/v2\/pages"}],"about":[{"href":"https:\/\/www.imspbdn.cat\/es\/wp-json\/wp\/v2\/types\/page"}],"author":[{"embeddable":true,"href":"https:\/\/www.imspbdn.cat\/es\/wp-json\/wp\/v2\/users\/1"}],"replies":[{"embeddable":true,"href":"https:\/\/www.imspbdn.cat\/es\/wp-json\/wp\/v2\/comments?post=2346"}],"version-history":[{"count":43,"href":"https:\/\/www.imspbdn.cat\/es\/wp-json\/wp\/v2\/pages\/2346\/revisions"}],"predecessor-version":[{"id":5915,"href":"https:\/\/www.imspbdn.cat\/es\/wp-json\/wp\/v2\/pages\/2346\/revisions\/5915"}],"up":[{"embeddable":true,"href":"https:\/\/www.imspbdn.cat\/es\/wp-json\/wp\/v2\/pages\/2333"}],"wp:attachment":[{"href":"https:\/\/www.imspbdn.cat\/es\/wp-json\/wp\/v2\/media?parent=2346"}],"curies":[{"name":"wp","href":"https:\/\/api.w.org\/{rel}","templated":true}]}}