{"id":2342,"date":"2022-08-30T16:50:25","date_gmt":"2022-08-30T15:50:25","guid":{"rendered":"https:\/\/bojuca.com\/servicios\/"},"modified":"2026-02-04T14:26:58","modified_gmt":"2026-02-04T13:26:58","slug":"servicios","status":"publish","type":"page","link":"https:\/\/www.imspbdn.cat\/es\/servicios\/","title":{"rendered":"Servicios"},"content":{"rendered":"\n\n    \n\t<p>Los servicios del IMSP se organizan en diferentes \u00e1mbitos de actuaci\u00f3n con el objetivo de ofrecer una atenci\u00f3n especializada, coordinada y de calidad. Desarrollamos programas sociales encomendados por el Ayuntamiento de Badalona y ejercemos las competencias que nos sean delegadas.<\/p>\n<p>Trabajamos con una clara orientaci\u00f3n hacia la atenci\u00f3n centrada en la persona, situando sus necesidades y su contexto vital en el centro de todas las actuaciones. Lo hacemos dentro del marco legal que regula el acceso a los servicios p\u00fablicos, con criterios de calidad, equidad e inclusi\u00f3n.<\/p>\nEl IMSP apuesta por el trabajo en red con los servicios municipales, el territorio y las administraciones competentes, especialmente la Generalitat de Catalunya, as\u00ed como por la colaboraci\u00f3n entre equipos profesionales. Incorporemos en la gesti\u00f3n la participaci\u00f3n, la transparencia, la sostenibilidad y la eficiencia, con el compromiso de avanzar hacia una organizaci\u00f3n cada vez m\u00e1s profesionalizada, \u00e1gil y adaptada a los retos sociales actuales.\nEsta es nuestra vocaci\u00f3n: mejorar la calidad de vida de las personas a quienes damos apoyo y contribuir a una ciudad m\u00e1s justa, cohesionada e inclusiva.\n<h3>\n\t\tServicios educativos\n\t<\/h3>\n\t\t\t<a href=\"\/es\/servicios\/escola-llevant\/\" target=\"_self\" role=\"button\">\n\t\t\t\t\t\t\tEscola Llevant\n\t\t\t\t\t<\/a>\n\t\t\t<a href=\"\/es\/servicios\/escola-can-barriga\/\" target=\"_self\" role=\"button\">\n\t\t\t\t\t\t\tEscola Can Barriga\n\t\t\t\t\t<\/a>\n\t\t\t<a href=\"\/es\/servicios\/escola-maregassa\/\" target=\"_self\" role=\"button\">\n\t\t\t\t\t\t\tEscola Maregassa\n\t\t\t\t\t<\/a>\n\t\t\t<a href=\"https-www-imspbdn-cat-serveis-unitat-descolaritzaci\u00f3-compartida-asuec\" target=\"_self\" role=\"button\">\n\t\t\t\t\t\t\tUnitat d&#8217;escolaritzaci\u00f3 compartida ASUEC\n\t\t\t\t\t<\/a>\n\t\t\t<a href=\"\/es\/servicios\/transport-adaptat-serveis-educatius\/\" target=\"_self\" role=\"button\">\n\t\t\t\t\t\t\tTransporte adaptado colectivo\n\t\t\t\t\t<\/a>\n<h3>\n\t\tInfancia y adolescencia\n\t<\/h3>\n\t\t\t<a href=\"\/es\/servicios\/eaia\/\" target=\"_self\" role=\"button\">\n\t\t\t\t\t\t\tEAIA\n\t\t\t\t\t<\/a>\n\t\t\t<a href=\"\/es\/servicios\/cdiap\/\" target=\"_self\" role=\"button\">\n\t\t\t\t\t\t\tCDIAP\n\t\t\t\t\t<\/a>\n\t\t\t<a href=\"\/es\/servicios\/transport-adaptat-infancia-i-adolescencia\/\" target=\"_self\" role=\"button\">\n\t\t\t\t\t\t\tTransporte adaptado colectivo\n\t\t\t\t\t<\/a>\n<h3>\n\t\tPersonas mayores\n\t<\/h3>\n\t\t\t<a href=\"\/es\/servicios\/residencia-can-bosch\/\" target=\"_self\" role=\"button\">\n\t\t\t\t\t\t\tResid\u00e8ncia Can Bosch\n\t\t\t\t\t<\/a>\n\t\t\t<a href=\"\/es\/servicios\/residencia-domenech-i-montaner\/\" target=\"_self\" role=\"button\">\n\t\t\t\t\t\t\tResid\u00e8ncia Dom\u00e8nech i Montaner\n\t\t\t\t\t<\/a>\n\t\t\t<a href=\"\/es\/servicios\/transport-adaptat-persones-grans\/\" target=\"_self\" role=\"button\">\n\t\t\t\t\t\t\tTransporte adaptado colectivo\n\t\t\t\t\t<\/a>\n<h3>\n\t\tPersonas con discapacidad\n\t<\/h3>\n\t\t\t<a href=\"\/es\/servicios\/residencia-fisics\/\" target=\"_self\" role=\"button\">\n\t\t\t\t\t\t\tResid\u00e8ncia Can Cros\n\t\t\t\t\t<\/a>\n\t\t\t<a href=\"\/es\/servicios\/servei-dhabitatge-josep-padros\/\" target=\"_self\" role=\"button\">\n\t\t\t\t\t\t\tServei d&#8217;Habitatge Josep Padr\u00f3s\n\t\t\t\t\t<\/a>\n\t\t\t<a href=\"\/es\/servicios\/transport-adaptat-persones-amb-discapacitat\/\" target=\"_self\" role=\"button\">\n\t\t\t\t\t\t\tTransporte adaptado colectivo\n\t\t\t\t\t<\/a>\n<h3>\n\t\tPersonas con enfermedad mental\n\t<\/h3>\n\t\t\t<a href=\"\/es\/servicios\/llar-residencia-salut-mental-sant-roc\/\" target=\"_self\" role=\"button\">\n\t\t\t\t\t\t\tLlar Resid\u00e8ncia Salut Mental Sant Roc\n\t\t\t\t\t<\/a>\n\n","protected":false},"excerpt":{"rendered":"<p>Los servicios del IMSP se organizan en diferentes \u00e1mbitos de actuaci\u00f3n con el objetivo de ofrecer una atenci\u00f3n especializada, coordinada y de calidad. Desarrollamos programas sociales encomendados por el Ayuntamiento de Badalona y ejercemos las competencias que nos sean delegadas. Trabajamos con una clara orientaci\u00f3n hacia la atenci\u00f3n centrada en la persona, situando sus necesidades &hellip;<\/p>\n<p class=\"read-more\"> <a class=\"\" href=\"https:\/\/www.imspbdn.cat\/es\/servicios\/\"> <span class=\"screen-reader-text\">Servicios<\/span> Read More \u00bb<\/a><\/p>\n","protected":false},"author":1,"featured_media":0,"parent":0,"menu_order":0,"comment_status":"closed","ping_status":"closed","template":"","meta":{"site-sidebar-layout":"default","site-content-layout":"default","ast-global-header-display":"","ast-main-header-display":"","ast-hfb-above-header-display":"","ast-hfb-below-header-display":"","ast-hfb-mobile-header-display":"","site-post-title":"","ast-breadcrumbs-content":"","ast-featured-img":"","footer-sml-layout":"","theme-transparent-header-meta":"","adv-header-id-meta":"","stick-header-meta":"","header-above-stick-meta":"","header-main-stick-meta":"","header-below-stick-meta":"","footnotes":""},"class_list":["post-2342","page","type-page","status-publish","hentry"],"acf":[],"_links":{"self":[{"href":"https:\/\/www.imspbdn.cat\/es\/wp-json\/wp\/v2\/pages\/2342","targetHints":{"allow":["GET"]}}],"collection":[{"href":"https:\/\/www.imspbdn.cat\/es\/wp-json\/wp\/v2\/pages"}],"about":[{"href":"https:\/\/www.imspbdn.cat\/es\/wp-json\/wp\/v2\/types\/page"}],"author":[{"embeddable":true,"href":"https:\/\/www.imspbdn.cat\/es\/wp-json\/wp\/v2\/users\/1"}],"replies":[{"embeddable":true,"href":"https:\/\/www.imspbdn.cat\/es\/wp-json\/wp\/v2\/comments?post=2342"}],"version-history":[{"count":26,"href":"https:\/\/www.imspbdn.cat\/es\/wp-json\/wp\/v2\/pages\/2342\/revisions"}],"predecessor-version":[{"id":5798,"href":"https:\/\/www.imspbdn.cat\/es\/wp-json\/wp\/v2\/pages\/2342\/revisions\/5798"}],"wp:attachment":[{"href":"https:\/\/www.imspbdn.cat\/es\/wp-json\/wp\/v2\/media?parent=2342"}],"curies":[{"name":"wp","href":"https:\/\/api.w.org\/{rel}","templated":true}]}}