{"id":2333,"date":"2022-09-20T14:14:32","date_gmt":"2022-09-20T13:14:32","guid":{"rendered":"https:\/\/bojuca.com\/quienes-somos\/"},"modified":"2026-02-05T08:30:47","modified_gmt":"2026-02-05T07:30:47","slug":"quienes-somos","status":"publish","type":"page","link":"https:\/\/www.imspbdn.cat\/es\/quienes-somos\/","title":{"rendered":"Qui\u00e9nes somos"},"content":{"rendered":"\n\n\t<h1>Qui\u00e9nes Somos<\/h1>\n<p>El <strong>Institut Municipal de Serveis Personals (IMSP)<\/strong> es un organismo aut\u00f3nomo del Ayuntamiento de Badalona, constituido en el a\u00f1o 1982, que presta servicios educativos y sociales a personas en situaci\u00f3n de mayor vulnerabilidad. Actualmente, cerca de 300 profesionales damos apoyo a m\u00e1s de 4.000 personas de la ciudad, a trav\u00e9s de 11 centros y 3 programas, desplegados en los \u00e1mbitos educativo, residencial y de atenci\u00f3n a la infancia y la adolescencia.<\/p>\nNuestro prop\u00f3sito es prestar servicios educativos a alumnado con necesidades educativas especiales; ofrecer apoyo de atenci\u00f3n precoz a ni\u00f1os con trastornos del desarrollo; atender a ni\u00f1os y adolescentes en situaci\u00f3n de riesgo grave de desamparo; y proporcionar servicios residenciales y de atenci\u00f3n diurna a personas mayores, personas con discapacidad f\u00edsica y personas con problemas de salud mental.\n<strong>Misi\u00f3n (Qui\u00e9nes somos y Qu\u00e9 queremos hacer): <\/strong>El IMSP es un organismo aut\u00f3nomo del Ayuntamiento de Badalona que tiene como objetivo principal la prestaci\u00f3n de servicios educativos y sociales a personas especialmente vulnerables.\n<strong>Visi\u00f3n (Qu\u00e9 queremos ser y Ad\u00f3nde queremos llegar): <\/strong>Convertir al IMSP en la organizaci\u00f3n de referencia en Badalona y el Barcelon\u00e8s Nord en el \u00e1mbito de la prestaci\u00f3n de servicios educativos y sociales a personas vulnerables, con un sistema de gesti\u00f3n de calidad, eficiente y sostenible en el tiempo.\n<strong>Valores (Principios y Conductas que queremos transmitir):<\/strong>\n<ul>\n<li data-path-to-node=\"15,0,0\">Mejora continua<\/li>\n<li data-path-to-node=\"15,0,0\">Transparencia<\/li>\n<li data-path-to-node=\"15,0,0\">Compromiso<\/li>\n<li data-path-to-node=\"15,0,0\">Excelencia<\/li>\n<li data-path-to-node=\"15,0,0\">Esfuerzo<\/li>\n<li data-path-to-node=\"15,0,0\">Trabajo en equipo<\/li>\n<li data-path-to-node=\"15,0,0\">Solidaridad<\/li>\n<li data-path-to-node=\"15,0,0\">Respeto<\/li>\n<li data-path-to-node=\"15,0,0\">Sostenibilidad<\/li>\n<\/ul>\n<p>Para m\u00e1s informaci\u00f3n, accede a:<\/p>\n\t\t\t<a href=\"\/es\/quienes-somos\/competencias-y-funciones\/\" target=\"_self\" role=\"button\">\n\t\t\t\t\t\t\tCompetencias y funciones\n\t\t\t\t\t<\/a>\n\t\t\t<a href=\"\/es\/quienes-somos\/organigrama\/\" target=\"_self\" role=\"button\">\n\t\t\t\t\t\t\tOrganigrama\n\t\t\t\t\t<\/a>\n\t\t\t<a href=\"https:\/\/www.imspbdn.cat\/wp-content\/uploads\/2025\/07\/Pla-General-IMSP-2025.pdf\" target=\"_blank\" role=\"button\" rel=\"noopener\">\n\t\t\t\t\t\t\tPlan general\n\t\t\t\t\t<\/a>\n\t\t\t<a href=\"\/es\/quienes-somos\/memorias\/\" target=\"_self\" role=\"button\">\n\t\t\t\t\t\t\tMemorias\n\t\t\t\t\t<\/a>\n\n","protected":false},"excerpt":{"rendered":"<p>Qui\u00e9nes Somos El Institut Municipal de Serveis Personals (IMSP) es un organismo aut\u00f3nomo del Ayuntamiento de Badalona, constituido en el a\u00f1o 1982, que presta servicios educativos y sociales a personas en situaci\u00f3n de mayor vulnerabilidad. Actualmente, cerca de 300 profesionales damos apoyo a m\u00e1s de 4.000 personas de la ciudad, a trav\u00e9s de 11 centros &hellip;<\/p>\n<p class=\"read-more\"> <a class=\"\" href=\"https:\/\/www.imspbdn.cat\/es\/quienes-somos\/\"> <span class=\"screen-reader-text\">Qui\u00e9nes somos<\/span> Read More \u00bb<\/a><\/p>\n","protected":false},"author":1,"featured_media":0,"parent":0,"menu_order":0,"comment_status":"closed","ping_status":"closed","template":"","meta":{"site-sidebar-layout":"default","site-content-layout":"default","ast-global-header-display":"","ast-main-header-display":"","ast-hfb-above-header-display":"","ast-hfb-below-header-display":"","ast-hfb-mobile-header-display":"","site-post-title":"","ast-breadcrumbs-content":"","ast-featured-img":"","footer-sml-layout":"","theme-transparent-header-meta":"","adv-header-id-meta":"","stick-header-meta":"","header-above-stick-meta":"","header-main-stick-meta":"","header-below-stick-meta":"","footnotes":""},"class_list":["post-2333","page","type-page","status-publish","hentry"],"acf":[],"_links":{"self":[{"href":"https:\/\/www.imspbdn.cat\/es\/wp-json\/wp\/v2\/pages\/2333","targetHints":{"allow":["GET"]}}],"collection":[{"href":"https:\/\/www.imspbdn.cat\/es\/wp-json\/wp\/v2\/pages"}],"about":[{"href":"https:\/\/www.imspbdn.cat\/es\/wp-json\/wp\/v2\/types\/page"}],"author":[{"embeddable":true,"href":"https:\/\/www.imspbdn.cat\/es\/wp-json\/wp\/v2\/users\/1"}],"replies":[{"embeddable":true,"href":"https:\/\/www.imspbdn.cat\/es\/wp-json\/wp\/v2\/comments?post=2333"}],"version-history":[{"count":25,"href":"https:\/\/www.imspbdn.cat\/es\/wp-json\/wp\/v2\/pages\/2333\/revisions"}],"predecessor-version":[{"id":5801,"href":"https:\/\/www.imspbdn.cat\/es\/wp-json\/wp\/v2\/pages\/2333\/revisions\/5801"}],"wp:attachment":[{"href":"https:\/\/www.imspbdn.cat\/es\/wp-json\/wp\/v2\/media?parent=2333"}],"curies":[{"name":"wp","href":"https:\/\/api.w.org\/{rel}","templated":true}]}}