{"id":2332,"date":"2022-11-08T11:03:24","date_gmt":"2022-11-08T10:03:24","guid":{"rendered":"https:\/\/bojuca.com\/quienes-somos\/competencias-y-funciones\/"},"modified":"2026-02-04T12:46:45","modified_gmt":"2026-02-04T11:46:45","slug":"competencias-y-funciones","status":"publish","type":"page","link":"https:\/\/www.imspbdn.cat\/es\/quienes-somos\/competencias-y-funciones\/","title":{"rendered":"Competencias y funciones"},"content":{"rendered":"\n\n\t<h1 data-path-to-node=\"0\">Propuestas de valor<\/h1>\nEl Instituto Municipal de Servicios Personales desarrolla su actividad con el objetivo de mejorar continuamente la calidad y el impacto de los servicios que ofrece, poniendo siempre a las personas en el centro de la actuaci\u00f3n p\u00fablica.\nNuestras propuestas de valor se estructuran en tres \u00e1mbitos principales:\n<strong>\u00c1mbito educativo<\/strong>\nOfrecemos atenci\u00f3n educativa especializada a alumnado con necesidades espec\u00edficas de apoyo que no pueden ser atendidas adecuadamente dentro de la escuela ordinaria. Nuestras escuelas constituyen un marco de referencia com\u00fan que garantiza una respuesta educativa adaptada, coherente y de calidad.\n<strong>Infancia, adolescencia y familias<\/strong>\nAcompa\u00f1amos a ni\u00f1os, ni\u00f1as, adolescentes y sus familias en situaciones de severa vulnerabilidad y riesgo de exclusi\u00f3n social, proporcionando apoyo profesional y recursos que contribuyen a la protecci\u00f3n de derechos y a la mejora de sus trayectorias vitales.\n<strong>\u00c1mbito residencial<\/strong>\nProporcionamos servicios residenciales a personas mayores, personas con discapacidad y personas con enfermedades mentales, con una atenci\u00f3n integral orientada al bienestar, la autonom\u00eda y el apoyo a las familias.\n<strong>Una manera de trabajar centrada en las personas<\/strong>\nDamos apoyo a personas y nos centramos en sus necesidades y demandas, dentro del marco legal que regula el acceso a los servicios. Trabajamos en red para ofrecer una atenci\u00f3n especializada que tiene en cuenta el contexto vital de cada persona, incorporando criterios de participaci\u00f3n, sostenibilidad y transparencia en la gesti\u00f3n, y promoviendo el compromiso profesional como base de nuestra vocaci\u00f3n de servicio p\u00fablico.\n\n","protected":false},"excerpt":{"rendered":"<p>Propuestas de valor El Instituto Municipal de Servicios Personales desarrolla su actividad con el objetivo de mejorar continuamente la calidad y el impacto de los servicios que ofrece, poniendo siempre a las personas en el centro de la actuaci\u00f3n p\u00fablica. Nuestras propuestas de valor se estructuran en tres \u00e1mbitos principales: \u00c1mbito educativo Ofrecemos atenci\u00f3n educativa &hellip;<\/p>\n<p class=\"read-more\"> <a class=\"\" href=\"https:\/\/www.imspbdn.cat\/es\/quienes-somos\/competencias-y-funciones\/\"> <span class=\"screen-reader-text\">Competencias y funciones<\/span> Read More \u00bb<\/a><\/p>\n","protected":false},"author":1,"featured_media":0,"parent":2333,"menu_order":0,"comment_status":"closed","ping_status":"closed","template":"","meta":{"site-sidebar-layout":"default","site-content-layout":"default","ast-global-header-display":"","ast-main-header-display":"","ast-hfb-above-header-display":"","ast-hfb-below-header-display":"","ast-hfb-mobile-header-display":"","site-post-title":"","ast-breadcrumbs-content":"","ast-featured-img":"","footer-sml-layout":"","theme-transparent-header-meta":"","adv-header-id-meta":"","stick-header-meta":"","header-above-stick-meta":"","header-main-stick-meta":"","header-below-stick-meta":"","footnotes":""},"class_list":["post-2332","page","type-page","status-publish","hentry"],"acf":[],"_links":{"self":[{"href":"https:\/\/www.imspbdn.cat\/es\/wp-json\/wp\/v2\/pages\/2332","targetHints":{"allow":["GET"]}}],"collection":[{"href":"https:\/\/www.imspbdn.cat\/es\/wp-json\/wp\/v2\/pages"}],"about":[{"href":"https:\/\/www.imspbdn.cat\/es\/wp-json\/wp\/v2\/types\/page"}],"author":[{"embeddable":true,"href":"https:\/\/www.imspbdn.cat\/es\/wp-json\/wp\/v2\/users\/1"}],"replies":[{"embeddable":true,"href":"https:\/\/www.imspbdn.cat\/es\/wp-json\/wp\/v2\/comments?post=2332"}],"version-history":[{"count":5,"href":"https:\/\/www.imspbdn.cat\/es\/wp-json\/wp\/v2\/pages\/2332\/revisions"}],"predecessor-version":[{"id":5786,"href":"https:\/\/www.imspbdn.cat\/es\/wp-json\/wp\/v2\/pages\/2332\/revisions\/5786"}],"up":[{"embeddable":true,"href":"https:\/\/www.imspbdn.cat\/es\/wp-json\/wp\/v2\/pages\/2333"}],"wp:attachment":[{"href":"https:\/\/www.imspbdn.cat\/es\/wp-json\/wp\/v2\/media?parent=2332"}],"curies":[{"name":"wp","href":"https:\/\/api.w.org\/{rel}","templated":true}]}}