{"id":1552,"date":"2022-08-30T16:50:25","date_gmt":"2022-08-30T15:50:25","guid":{"rendered":"https:\/\/bojuca.com\/tramits\/"},"modified":"2025-02-19T12:40:39","modified_gmt":"2025-02-19T11:40:39","slug":"tramites","status":"publish","type":"page","link":"https:\/\/www.imspbdn.cat\/es\/tramites\/","title":{"rendered":"Tr\u00e1mites"},"content":{"rendered":"\n\n    <h1>Convocat\u00f2ries Perso<\/h1>\n\t\t\t<a href=\"https:\/\/www.seu-e.cat\/es\/web\/imspbdn\/seu-electronica\" target=\"_blank\" role=\"button\" rel=\"noopener\">\n\t\t\t\t\t\t\tSede electr\u00f3nica\n\t\t\t\t\t<\/a>\n\t\t\t<a href=\"https:\/\/www.seu-e.cat\/es\/web\/imspbdn\/tramits-i-gestions\/-\/tramits\/tots?p_auth=MOmLI3iZ\" target=\"_blank\" role=\"button\" rel=\"noopener\">\n\t\t\t\t\t\t\tTr\u00e1mites espec\u00edficos\n\t\t\t\t\t<\/a>\n\t<p>A trav\u00e9s de nuestra <strong>sede electr\u00f3nica<\/strong> ofrecemos servicios y tr\u00e1mites digitales para el ejercicio de instancias, quejas y sugerencias, notificaciones, facturas electr\u00f3nicas, etc.<\/p>\n<p><strong>Plazo de Resoluci\u00f3n<\/strong><\/p>\n<p>El plazo m\u00e1ximo para dar respuesta viene establecido en el procedimiento correspondiente. Por regla general, el plazo m\u00e1ximo es de tres meses, des de la fecha en que la queja, sugerencia o propuesta haya tenido entrada en el registro electr\u00f3nica de la Administraci\u00f3n u Organismo competente para su tramitaci\u00f3n. El plazo no puede exceder los seis meses, excepto en el caso de que una norma con rango de ley o de la Uni\u00f3n Europea lo ampl\u00ede.<\/p>\n<p>Finalizados estos plazos sin haberse notificado resoluci\u00f3n expresa, la petici\u00f3n se puede considerar estimada, excepto en los siguientes casos:<\/p>\n<ul>\n<li>Procedimientos que transfieran a la persona solicitante o terceras personas facultades relativas al dominio p\u00fablico o servicio p\u00fablico.<\/li>\n<li>Impugnaci\u00f3n de actas o disposiciones administrativas.<\/li>\n<li>Procedimientos relacionados con el derecho de petici\u00f3n (art. 29 Constituci\u00f3n Espa\u00f1ola).<\/li>\n<li>Si una norma con rango de ley o una norma de Derecho de la Uni\u00f3n Europea o de Derecho internacional, aplicable al Estado espa\u00f1ol, establece lo contrario.<\/li>\n<\/ul>\n<p><strong>V\u00edas de reclamaci\u00f3n<\/strong><\/p>\n<p>Las ordinarias del procedimiento administrativo.<\/p>\n<p><strong>\u00a0<\/strong><strong>Informaci\u00f3n b\u00e1sica sobre protecci\u00f3n de datos:<\/strong><\/p>\n<p>En cumplimiento de lo previsto en el art\u00edculo 11 de la Ley org\u00e1nica 3\/2018, de 5 de diciembre, de protecci\u00f3n de datos personales y garant\u00eda de derechos digitales, en relaci\u00f3n con lo establecido en el art\u00edculo 13 del Reglamento General de Protecci\u00f3n de datos, le informamos que sus datos son necesarios para la gesti\u00f3n del tr\u00e1mite o prestaci\u00f3n del servicio que est\u00e1is realizando.<\/p>\n<p>Al respecto, se indica que el Institut Municipal de Serveis Personals de Badalona es el responsable del tratamiento de estos datos personales, que conservar\u00e1 de conformidad con las disposiciones legales y reglamentarias aplicables en cada caso.<\/p>\n<p>Asimismo, se informa de la posibilidad de ejercer sus derechos de acceso, rectificaci\u00f3n, eliminaci\u00f3n, oposici\u00f3n y limitaci\u00f3n mediante el env\u00edo de un escrito dirigido por medios electr\u00f3nicos (imsp@imspbdn.cat), o en formato papel, ya sea presencialmente o por correo postal a la siguiente direcci\u00f3n: Laiet\u00e0nia, 29-39, 8911, Badalona, (Barcelona).<\/p>\n<p>Para m\u00e1s informaci\u00f3n, consulte nuestra <a href=\"https:\/\/www.seu-e.cat\/ca\/web\/imspbdn\/tramits-i-gestions\/politica-de-privacitat\">pol\u00edtica de privacidad<\/a>.<\/p>\n<p>&nbsp;<\/p>\n\n","protected":false},"excerpt":{"rendered":"<p>Convocat\u00f2ries Perso Sede electr\u00f3nica Tr\u00e1mites espec\u00edficos A trav\u00e9s de nuestra sede electr\u00f3nica ofrecemos servicios y tr\u00e1mites digitales para el ejercicio de instancias, quejas y sugerencias, notificaciones, facturas electr\u00f3nicas, etc. Plazo de Resoluci\u00f3n El plazo m\u00e1ximo para dar respuesta viene establecido en el procedimiento correspondiente. Por regla general, el plazo m\u00e1ximo es de tres meses, des &hellip;<\/p>\n<p class=\"read-more\"> <a class=\"\" href=\"https:\/\/www.imspbdn.cat\/es\/tramites\/\"> <span class=\"screen-reader-text\">Tr\u00e1mites<\/span> Read More \u00bb<\/a><\/p>\n","protected":false},"author":1,"featured_media":0,"parent":0,"menu_order":0,"comment_status":"closed","ping_status":"closed","template":"","meta":{"site-sidebar-layout":"default","site-content-layout":"default","ast-global-header-display":"","ast-main-header-display":"","ast-hfb-above-header-display":"","ast-hfb-below-header-display":"","ast-hfb-mobile-header-display":"","site-post-title":"","ast-breadcrumbs-content":"","ast-featured-img":"","footer-sml-layout":"","theme-transparent-header-meta":"","adv-header-id-meta":"","stick-header-meta":"","header-above-stick-meta":"","header-main-stick-meta":"","header-below-stick-meta":"","footnotes":""},"class_list":["post-1552","page","type-page","status-publish","hentry"],"acf":[],"_links":{"self":[{"href":"https:\/\/www.imspbdn.cat\/es\/wp-json\/wp\/v2\/pages\/1552","targetHints":{"allow":["GET"]}}],"collection":[{"href":"https:\/\/www.imspbdn.cat\/es\/wp-json\/wp\/v2\/pages"}],"about":[{"href":"https:\/\/www.imspbdn.cat\/es\/wp-json\/wp\/v2\/types\/page"}],"author":[{"embeddable":true,"href":"https:\/\/www.imspbdn.cat\/es\/wp-json\/wp\/v2\/users\/1"}],"replies":[{"embeddable":true,"href":"https:\/\/www.imspbdn.cat\/es\/wp-json\/wp\/v2\/comments?post=1552"}],"version-history":[{"count":10,"href":"https:\/\/www.imspbdn.cat\/es\/wp-json\/wp\/v2\/pages\/1552\/revisions"}],"predecessor-version":[{"id":5078,"href":"https:\/\/www.imspbdn.cat\/es\/wp-json\/wp\/v2\/pages\/1552\/revisions\/5078"}],"wp:attachment":[{"href":"https:\/\/www.imspbdn.cat\/es\/wp-json\/wp\/v2\/media?parent=1552"}],"curies":[{"name":"wp","href":"https:\/\/api.w.org\/{rel}","templated":true}]}}