{"id":1550,"date":"2022-10-11T16:43:13","date_gmt":"2022-10-11T14:43:13","guid":{"rendered":"https:\/\/bojuca.com\/transparencia\/"},"modified":"2022-11-24T14:59:31","modified_gmt":"2022-11-24T12:59:31","slug":"transparencia","status":"publish","type":"page","link":"https:\/\/www.imspbdn.cat\/es\/transparencia\/","title":{"rendered":"Transparencia"},"content":{"rendered":"\n<p>Como administraci\u00f3n p\u00fablica y transparente, el IMSP cumple con el deber de hacer accesible toda la informaci\u00f3n relacionada con su entidad, actividad o ejercicio de sus funciones.<\/p>\n<p>Concretamente, facilita los datos institucionales, organizativos y de gesti\u00f3n econ\u00f3mica, de acci\u00f3n de gobierno y normativa, de contratos, convenios y subvenciones, as\u00ed como el cat\u00e1logo de servicios y tr\u00e1mites. Tambi\u00e9n informa sobre su pol\u00edtica de protecci\u00f3n de datos personales y sobre c\u00f3mo ejercer los derechos de ARCO (Acceso, Rectificaci\u00f3n, Cancelaci\u00f3n y Oposici\u00f3n de datos personales).<\/p>\n<p>Accede a la plataforma de transparencia:<\/p>\n\t\t\t<a href=\"https:\/\/www.seu-e.cat\/es\/web\/imspbdn\/govern-obert-i-transparencia\" target=\"_blank\" role=\"button\" rel=\"noopener\">\n\t\t\t\t\t\t\t\t<\/a>\n","protected":false},"excerpt":{"rendered":"<p>Como administraci\u00f3n p\u00fablica y transparente, el IMSP cumple con el deber de hacer accesible toda la informaci\u00f3n relacionada con su entidad, actividad o ejercicio de sus funciones. Concretamente, facilita los datos institucionales, organizativos y de gesti\u00f3n econ\u00f3mica, de acci\u00f3n de gobierno y normativa, de contratos, convenios y subvenciones, as\u00ed como el cat\u00e1logo de servicios y &hellip;<\/p>\n<p class=\"read-more\"> <a class=\"\" href=\"https:\/\/www.imspbdn.cat\/es\/transparencia\/\"> <span class=\"screen-reader-text\">Transparencia<\/span> Read More \u00bb<\/a><\/p>\n","protected":false},"author":1,"featured_media":0,"parent":0,"menu_order":0,"comment_status":"closed","ping_status":"closed","template":"","meta":{"site-sidebar-layout":"default","site-content-layout":"default","ast-global-header-display":"","ast-main-header-display":"","ast-hfb-above-header-display":"","ast-hfb-below-header-display":"","ast-hfb-mobile-header-display":"","site-post-title":"","ast-breadcrumbs-content":"","ast-featured-img":"","footer-sml-layout":"","theme-transparent-header-meta":"","adv-header-id-meta":"","stick-header-meta":"","header-above-stick-meta":"","header-main-stick-meta":"","header-below-stick-meta":"","footnotes":""},"class_list":["post-1550","page","type-page","status-publish","hentry"],"acf":[],"_links":{"self":[{"href":"https:\/\/www.imspbdn.cat\/es\/wp-json\/wp\/v2\/pages\/1550","targetHints":{"allow":["GET"]}}],"collection":[{"href":"https:\/\/www.imspbdn.cat\/es\/wp-json\/wp\/v2\/pages"}],"about":[{"href":"https:\/\/www.imspbdn.cat\/es\/wp-json\/wp\/v2\/types\/page"}],"author":[{"embeddable":true,"href":"https:\/\/www.imspbdn.cat\/es\/wp-json\/wp\/v2\/users\/1"}],"replies":[{"embeddable":true,"href":"https:\/\/www.imspbdn.cat\/es\/wp-json\/wp\/v2\/comments?post=1550"}],"version-history":[{"count":6,"href":"https:\/\/www.imspbdn.cat\/es\/wp-json\/wp\/v2\/pages\/1550\/revisions"}],"predecessor-version":[{"id":2525,"href":"https:\/\/www.imspbdn.cat\/es\/wp-json\/wp\/v2\/pages\/1550\/revisions\/2525"}],"wp:attachment":[{"href":"https:\/\/www.imspbdn.cat\/es\/wp-json\/wp\/v2\/media?parent=1550"}],"curies":[{"name":"wp","href":"https:\/\/api.w.org\/{rel}","templated":true}]}}